{"id":2002,"date":"2024-06-05T09:52:41","date_gmt":"2024-06-05T07:52:41","guid":{"rendered":"https:\/\/masgourdou.com\/?post_type=product&#038;p=2002"},"modified":"2025-08-21T14:14:46","modified_gmt":"2025-08-21T12:14:46","slug":"eternel","status":"publish","type":"product","link":"https:\/\/masgourdou.com\/en\/product\/eternel\/","title":{"rendered":"ETERNEL 2023"},"content":{"rendered":"<p>Cette cuv\u00e9e est un hommage poignant \u00e0 Jean Claude, le p\u00e8re de Beno\u00eet, qui a transmis le domaine \u00e0 son fils avant de nous quitter. L\u2019\u00c9ternel incarne l&rsquo;h\u00e9ritage et la passion qui ont travers\u00e9 les g\u00e9n\u00e9rations, c\u00e9l\u00e9brant la m\u00e9moire de Jean Claude et son d\u00e9vouement \u00e0 la viticulture. L\u2019\u00c9ternel arbore une robe rouge cerise, captivante et lumineuse. Son nez r\u00e9v\u00e8le des ar\u00f4mes s\u00e9duisants de fruits rouges, de pruneau et de cuir, offrant une complexit\u00e9 olfactive envo\u00fbtante.<\/p>\n<p>En bouche, ce vin allie rondeur et finesse, d\u00e9voilant des notes de myrtilles, de m\u00fbres et de framboises. Les tanins subtils apportent un maintien agr\u00e9able en bouche, tandis qu&rsquo;un bois\u00e9 fondu compl\u00e8te harmonieusement l&rsquo;ensemble. L\u2019\u00c9ternel est une cuv\u00e9e originale en mono-c\u00e9page, permettant d&rsquo;explorer des ar\u00f4mes distincts et uniques qui se diff\u00e9rencient des autres vins de la r\u00e9gion. Ce choix offre une profondeur et une singularit\u00e9 remarquables, r\u00e9v\u00e9lant toute la richesse du c\u00e9page utilis\u00e9.<\/p>\n<p>Pour une d\u00e9gustation optimale, il est recommand\u00e9 de le servir \u00e0 une temp\u00e9rature de 19\u00b0C et de le carafer deux heures avant la d\u00e9gustation. Ce vin s&rsquo;accorde parfaitement avec des grillades aux herbes de Provence, sublimant les saveurs et cr\u00e9ant une exp\u00e9rience gustative riche et \u00e9quilibr\u00e9e. L\u2019\u00c9ternel, par son caract\u00e8re unique et son hommage familial, offre une profondeur et une authenticit\u00e9 qui s\u00e9duiront les amateurs de vins de terroir.<\/p>\n<ul>\n<li style=\"text-align: left;\"><span style=\"color: #ffcb60;\"><strong><u>Grape varieties :<\/u><\/strong><\/span> Mourv\u00e8dre (100%)<\/li>\n<li style=\"text-align: left;\"><span style=\"color: #ffcb60;\"><strong><u>Soil :<\/u><\/strong><\/span> Clay-limestone soil<\/li>\n<li style=\"text-align: left;\"><span style=\"color: #ffcb60;\"><strong><u>Wine making &amp; aging :<\/u><\/strong><\/span> In vats for 6 months with staves to limit SO2 inputs<\/li>\n<\/ul>","protected":false},"excerpt":{"rendered":"<p>VIN DE FRANCE &#8211; ROUGE<\/p>","protected":false},"featured_media":3549,"template":"","meta":{"ocean_post_layout":"","ocean_both_sidebars_style":"","ocean_both_sidebars_content_width":0,"ocean_both_sidebars_sidebars_width":0,"ocean_sidebar":"0","ocean_second_sidebar":"0","ocean_disable_margins":"enable","ocean_add_body_class":"","ocean_shortcode_before_top_bar":"","ocean_shortcode_after_top_bar":"","ocean_shortcode_before_header":"","ocean_shortcode_after_header":"","ocean_has_shortcode":"","ocean_shortcode_after_title":"","ocean_shortcode_before_footer_widgets":"","ocean_shortcode_after_footer_widgets":"","ocean_shortcode_before_footer_bottom":"","ocean_shortcode_after_footer_bottom":"","ocean_display_top_bar":"default","ocean_display_header":"default","ocean_header_style":"","ocean_center_header_left_menu":"0","ocean_custom_header_template":"0","ocean_custom_logo":0,"ocean_custom_retina_logo":0,"ocean_custom_logo_max_width":0,"ocean_custom_logo_tablet_max_width":0,"ocean_custom_logo_mobile_max_width":0,"ocean_custom_logo_max_height":0,"ocean_custom_logo_tablet_max_height":0,"ocean_custom_logo_mobile_max_height":0,"ocean_header_custom_menu":"0","ocean_menu_typo_font_family":"0","ocean_menu_typo_font_subset":"","ocean_menu_typo_font_size":0,"ocean_menu_typo_font_size_tablet":0,"ocean_menu_typo_font_size_mobile":0,"ocean_menu_typo_font_size_unit":"px","ocean_menu_typo_font_weight":"","ocean_menu_typo_font_weight_tablet":"","ocean_menu_typo_font_weight_mobile":"","ocean_menu_typo_transform":"","ocean_menu_typo_transform_tablet":"","ocean_menu_typo_transform_mobile":"","ocean_menu_typo_line_height":0,"ocean_menu_typo_line_height_tablet":0,"ocean_menu_typo_line_height_mobile":0,"ocean_menu_typo_line_height_unit":"","ocean_menu_typo_spacing":0,"ocean_menu_typo_spacing_tablet":0,"ocean_menu_typo_spacing_mobile":0,"ocean_menu_typo_spacing_unit":"","ocean_menu_link_color":"","ocean_menu_link_color_hover":"","ocean_menu_link_color_active":"","ocean_menu_link_background":"","ocean_menu_link_hover_background":"","ocean_menu_link_active_background":"","ocean_menu_social_links_bg":"","ocean_menu_social_hover_links_bg":"","ocean_menu_social_links_color":"","ocean_menu_social_hover_links_color":"","ocean_disable_title":"default","ocean_disable_heading":"default","ocean_post_title":"","ocean_post_subheading":"","ocean_post_title_style":"","ocean_post_title_background_color":"","ocean_post_title_background":0,"ocean_post_title_bg_image_position":"","ocean_post_title_bg_image_attachment":"","ocean_post_title_bg_image_repeat":"","ocean_post_title_bg_image_size":"","ocean_post_title_height":0,"ocean_post_title_bg_overlay":0.5,"ocean_post_title_bg_overlay_color":"","ocean_disable_breadcrumbs":"default","ocean_breadcrumbs_color":"","ocean_breadcrumbs_separator_color":"","ocean_breadcrumbs_links_color":"","ocean_breadcrumbs_links_hover_color":"","ocean_display_footer_widgets":"default","ocean_display_footer_bottom":"default","ocean_custom_footer_template":"0","osh_disable_topbar_sticky":"default","osh_disable_header_sticky":"default","osh_sticky_header_style":"default","osh_sticky_header_effect":"","osh_custom_sticky_logo":0,"osh_custom_retina_sticky_logo":0,"osh_custom_sticky_logo_height":0,"osh_background_color":"","osh_links_color":"","osh_links_hover_color":"","osh_links_active_color":"","osh_links_bg_color":"","osh_links_hover_bg_color":"","osh_links_active_bg_color":"","osh_menu_social_links_color":"","osh_menu_social_hover_links_color":""},"product_brand":[],"product_cat":[70],"product_tag":[],"class_list":{"0":"post-2002","1":"product","2":"type-product","3":"status-publish","4":"has-post-thumbnail","6":"product_cat-rouge","8":"entry","9":"has-media","11":"first","12":"instock","13":"taxable","14":"shipping-taxable","15":"purchasable","16":"product-type-simple","17":"has-product-nav","18":"col","19":"span_1_of_3","20":"owp-content-center","21":"owp-thumbs-layout-horizontal","22":"owp-btn-normal","23":"owp-tabs-layout-horizontal","24":"has-no-thumbnails"},"yoast_head":"<!-- This site is optimized with the Yoast SEO plugin v27.5 - https:\/\/yoast.com\/product\/yoast-seo-wordpress\/ -->\n<title>ETERNEL 2023 - Mas Gourdou<\/title>\n<meta name=\"robots\" content=\"index, follow, max-snippet:-1, max-image-preview:large, max-video-preview:-1\" \/>\n<link rel=\"canonical\" href=\"https:\/\/masgourdou.com\/en\/product\/eternel\/\" \/>\n<meta property=\"og:locale\" content=\"en_US\" \/>\n<meta property=\"og:type\" content=\"article\" \/>\n<meta property=\"og:title\" content=\"ETERNEL 2023 - Mas Gourdou\" \/>\n<meta property=\"og:description\" content=\"VIN DE FRANCE - ROUGE\" \/>\n<meta property=\"og:url\" content=\"https:\/\/masgourdou.com\/en\/product\/eternel\/\" \/>\n<meta property=\"og:site_name\" content=\"Mas Gourdou\" \/>\n<meta property=\"article:modified_time\" content=\"2025-08-21T12:14:46+00:00\" \/>\n<meta property=\"og:image\" content=\"https:\/\/masgourdou.com\/wp-content\/uploads\/2024\/06\/vin-rouge_ETERNEL-1.png\" \/>\n\t<meta property=\"og:image:width\" content=\"348\" \/>\n\t<meta property=\"og:image:height\" content=\"1000\" \/>\n\t<meta property=\"og:image:type\" content=\"image\/png\" \/>\n<meta name=\"twitter:card\" content=\"summary_large_image\" \/>\n<meta name=\"twitter:label1\" content=\"Est. reading time\" \/>\n\t<meta name=\"twitter:data1\" content=\"2 minutes\" \/>\n<script type=\"application\/ld+json\" class=\"yoast-schema-graph\">{\"@context\":\"https:\\\/\\\/schema.org\",\"@graph\":[{\"@type\":\"WebPage\",\"@id\":\"https:\\\/\\\/masgourdou.com\\\/produit\\\/eternel\\\/\",\"url\":\"https:\\\/\\\/masgourdou.com\\\/produit\\\/eternel\\\/\",\"name\":\"ETERNEL 2023 - Mas Gourdou\",\"isPartOf\":{\"@id\":\"https:\\\/\\\/masgourdou.com\\\/#website\"},\"primaryImageOfPage\":{\"@id\":\"https:\\\/\\\/masgourdou.com\\\/produit\\\/eternel\\\/#primaryimage\"},\"image\":{\"@id\":\"https:\\\/\\\/masgourdou.com\\\/produit\\\/eternel\\\/#primaryimage\"},\"thumbnailUrl\":\"https:\\\/\\\/masgourdou.com\\\/wp-content\\\/uploads\\\/2024\\\/06\\\/vin-rouge_ETERNEL-1.png\",\"datePublished\":\"2024-06-05T07:52:41+00:00\",\"dateModified\":\"2025-08-21T12:14:46+00:00\",\"breadcrumb\":{\"@id\":\"https:\\\/\\\/masgourdou.com\\\/produit\\\/eternel\\\/#breadcrumb\"},\"inLanguage\":\"en-US\",\"potentialAction\":[{\"@type\":\"ReadAction\",\"target\":[\"https:\\\/\\\/masgourdou.com\\\/produit\\\/eternel\\\/\"]}]},{\"@type\":\"ImageObject\",\"inLanguage\":\"en-US\",\"@id\":\"https:\\\/\\\/masgourdou.com\\\/produit\\\/eternel\\\/#primaryimage\",\"url\":\"https:\\\/\\\/masgourdou.com\\\/wp-content\\\/uploads\\\/2024\\\/06\\\/vin-rouge_ETERNEL-1.png\",\"contentUrl\":\"https:\\\/\\\/masgourdou.com\\\/wp-content\\\/uploads\\\/2024\\\/06\\\/vin-rouge_ETERNEL-1.png\",\"width\":348,\"height\":1000},{\"@type\":\"BreadcrumbList\",\"@id\":\"https:\\\/\\\/masgourdou.com\\\/produit\\\/eternel\\\/#breadcrumb\",\"itemListElement\":[{\"@type\":\"ListItem\",\"position\":1,\"name\":\"Accueil\",\"item\":\"https:\\\/\\\/masgourdou.com\\\/\"},{\"@type\":\"ListItem\",\"position\":2,\"name\":\"Produits\",\"item\":\"https:\\\/\\\/masgourdou.com\\\/shop\\\/\"},{\"@type\":\"ListItem\",\"position\":3,\"name\":\"ETERNEL 2023\"}]},{\"@type\":\"WebSite\",\"@id\":\"https:\\\/\\\/masgourdou.com\\\/#website\",\"url\":\"https:\\\/\\\/masgourdou.com\\\/\",\"name\":\"Mas Gourdou\",\"description\":\"\",\"publisher\":{\"@id\":\"https:\\\/\\\/masgourdou.com\\\/#organization\"},\"potentialAction\":[{\"@type\":\"SearchAction\",\"target\":{\"@type\":\"EntryPoint\",\"urlTemplate\":\"https:\\\/\\\/masgourdou.com\\\/?s={search_term_string}\"},\"query-input\":{\"@type\":\"PropertyValueSpecification\",\"valueRequired\":true,\"valueName\":\"search_term_string\"}}],\"inLanguage\":\"en-US\"},{\"@type\":\"Organization\",\"@id\":\"https:\\\/\\\/masgourdou.com\\\/#organization\",\"name\":\"Mas Gourdou\",\"url\":\"https:\\\/\\\/masgourdou.com\\\/\",\"logo\":{\"@type\":\"ImageObject\",\"inLanguage\":\"en-US\",\"@id\":\"https:\\\/\\\/masgourdou.com\\\/#\\\/schema\\\/logo\\\/image\\\/\",\"url\":\"https:\\\/\\\/masgourdou.com\\\/wp-content\\\/uploads\\\/2024\\\/07\\\/cropped-logo_masgourdou_289x100.png\",\"contentUrl\":\"https:\\\/\\\/masgourdou.com\\\/wp-content\\\/uploads\\\/2024\\\/07\\\/cropped-logo_masgourdou_289x100.png\",\"width\":289,\"height\":100,\"caption\":\"Mas Gourdou\"},\"image\":{\"@id\":\"https:\\\/\\\/masgourdou.com\\\/#\\\/schema\\\/logo\\\/image\\\/\"}}]}<\/script>\n<!-- \/ Yoast SEO plugin. -->","yoast_head_json":{"title":"ETERNEL 2023 - Mas Gourdou","robots":{"index":"index","follow":"follow","max-snippet":"max-snippet:-1","max-image-preview":"max-image-preview:large","max-video-preview":"max-video-preview:-1"},"canonical":"https:\/\/masgourdou.com\/en\/product\/eternel\/","og_locale":"en_US","og_type":"article","og_title":"ETERNEL 2023 - Mas Gourdou","og_description":"VIN DE FRANCE - ROUGE","og_url":"https:\/\/masgourdou.com\/en\/product\/eternel\/","og_site_name":"Mas Gourdou","article_modified_time":"2025-08-21T12:14:46+00:00","og_image":[{"width":348,"height":1000,"url":"https:\/\/masgourdou.com\/wp-content\/uploads\/2024\/06\/vin-rouge_ETERNEL-1.png","type":"image\/png"}],"twitter_card":"summary_large_image","twitter_misc":{"Est. reading time":"2 minutes"},"schema":{"@context":"https:\/\/schema.org","@graph":[{"@type":"WebPage","@id":"https:\/\/masgourdou.com\/produit\/eternel\/","url":"https:\/\/masgourdou.com\/produit\/eternel\/","name":"ETERNEL 2023 - Mas Gourdou","isPartOf":{"@id":"https:\/\/masgourdou.com\/#website"},"primaryImageOfPage":{"@id":"https:\/\/masgourdou.com\/produit\/eternel\/#primaryimage"},"image":{"@id":"https:\/\/masgourdou.com\/produit\/eternel\/#primaryimage"},"thumbnailUrl":"https:\/\/masgourdou.com\/wp-content\/uploads\/2024\/06\/vin-rouge_ETERNEL-1.png","datePublished":"2024-06-05T07:52:41+00:00","dateModified":"2025-08-21T12:14:46+00:00","breadcrumb":{"@id":"https:\/\/masgourdou.com\/produit\/eternel\/#breadcrumb"},"inLanguage":"en-US","potentialAction":[{"@type":"ReadAction","target":["https:\/\/masgourdou.com\/produit\/eternel\/"]}]},{"@type":"ImageObject","inLanguage":"en-US","@id":"https:\/\/masgourdou.com\/produit\/eternel\/#primaryimage","url":"https:\/\/masgourdou.com\/wp-content\/uploads\/2024\/06\/vin-rouge_ETERNEL-1.png","contentUrl":"https:\/\/masgourdou.com\/wp-content\/uploads\/2024\/06\/vin-rouge_ETERNEL-1.png","width":348,"height":1000},{"@type":"BreadcrumbList","@id":"https:\/\/masgourdou.com\/produit\/eternel\/#breadcrumb","itemListElement":[{"@type":"ListItem","position":1,"name":"Accueil","item":"https:\/\/masgourdou.com\/"},{"@type":"ListItem","position":2,"name":"Produits","item":"https:\/\/masgourdou.com\/shop\/"},{"@type":"ListItem","position":3,"name":"ETERNEL 2023"}]},{"@type":"WebSite","@id":"https:\/\/masgourdou.com\/#website","url":"https:\/\/masgourdou.com\/","name":"Mas Gourdou","description":"","publisher":{"@id":"https:\/\/masgourdou.com\/#organization"},"potentialAction":[{"@type":"SearchAction","target":{"@type":"EntryPoint","urlTemplate":"https:\/\/masgourdou.com\/?s={search_term_string}"},"query-input":{"@type":"PropertyValueSpecification","valueRequired":true,"valueName":"search_term_string"}}],"inLanguage":"en-US"},{"@type":"Organization","@id":"https:\/\/masgourdou.com\/#organization","name":"Mas Gourdou","url":"https:\/\/masgourdou.com\/","logo":{"@type":"ImageObject","inLanguage":"en-US","@id":"https:\/\/masgourdou.com\/#\/schema\/logo\/image\/","url":"https:\/\/masgourdou.com\/wp-content\/uploads\/2024\/07\/cropped-logo_masgourdou_289x100.png","contentUrl":"https:\/\/masgourdou.com\/wp-content\/uploads\/2024\/07\/cropped-logo_masgourdou_289x100.png","width":289,"height":100,"caption":"Mas Gourdou"},"image":{"@id":"https:\/\/masgourdou.com\/#\/schema\/logo\/image\/"}}]}},"_links":{"self":[{"href":"https:\/\/masgourdou.com\/en\/wp-json\/wp\/v2\/product\/2002","targetHints":{"allow":["GET"]}}],"collection":[{"href":"https:\/\/masgourdou.com\/en\/wp-json\/wp\/v2\/product"}],"about":[{"href":"https:\/\/masgourdou.com\/en\/wp-json\/wp\/v2\/types\/product"}],"wp:featuredmedia":[{"embeddable":true,"href":"https:\/\/masgourdou.com\/en\/wp-json\/wp\/v2\/media\/3549"}],"wp:attachment":[{"href":"https:\/\/masgourdou.com\/en\/wp-json\/wp\/v2\/media?parent=2002"}],"wp:term":[{"taxonomy":"product_brand","embeddable":true,"href":"https:\/\/masgourdou.com\/en\/wp-json\/wp\/v2\/product_brand?post=2002"},{"taxonomy":"product_cat","embeddable":true,"href":"https:\/\/masgourdou.com\/en\/wp-json\/wp\/v2\/product_cat?post=2002"},{"taxonomy":"product_tag","embeddable":true,"href":"https:\/\/masgourdou.com\/en\/wp-json\/wp\/v2\/product_tag?post=2002"}],"curies":[{"name":"wp","href":"https:\/\/api.w.org\/{rel}","templated":true}]}}