{"id":1994,"date":"2024-06-05T09:37:22","date_gmt":"2024-06-05T07:37:22","guid":{"rendered":"https:\/\/masgourdou.com\/?post_type=product&#038;p=1994"},"modified":"2025-03-24T09:14:43","modified_gmt":"2025-03-24T08:14:43","slug":"joseph-onesime","status":"publish","type":"product","link":"https:\/\/masgourdou.com\/en\/product\/joseph-onesime\/","title":{"rendered":"JOSEPH ONESIME 2023"},"content":{"rendered":"<p>Joseph et On\u00e9sime, les deux grands-p\u00e8res de Beno\u00eet, sont honor\u00e9s \u00e0 travers cette cuv\u00e9e, qui leur rend hommage. Ce classique du Pic Saint Loup repr\u00e9sente parfaitement l&rsquo;\u00e9l\u00e9gance et la typicit\u00e9 de ce terroir exceptionnel. Le Joseph On\u00e9sime pr\u00e9sente une robe d&rsquo;un beau rubis soutenu avec des nuances pourpres. Son nez est intens\u00e9ment aromatique, r\u00e9v\u00e9lant des fruits rouges bien m\u00fbrs tels que la cerise et la framboise, accompagn\u00e9s de subtiles notes de prune.<\/p>\n<p>On the palate, it is both round and fresh, offering a rich aromatic palette with juicy red fruit flavors. The tannins are present but mellow, providing good structure, while the finish reveals a delicate touch of mellow woodiness, reminiscent of sweet oak and vanilla.<\/p>\n<p>La temp\u00e9rature id\u00e9ale pour le servir est de 15\u00b0C, et il est recommand\u00e9 de le carafer pendant 2 heures avant d\u00e9gustation. Ce vin s&rsquo;accorde merveilleusement bien avec un pot-au-feu d&rsquo;agneau, un duo de canard, ou un \u00e9minc\u00e9 de foie gras po\u00eal\u00e9 aux c\u00e8pes. Il peut \u00eatre conserv\u00e9 en cave pendant 5 \u00e0 8 ans.<\/p>\n<ul>\n<li style=\"text-align: left;\"><span style=\"color: #ffcb60;\"><strong><u>Grape varieties :<\/u><\/strong><\/span> Syrah (70%), Grenache Noir (15%), Mourv\u00e8dre (15%)<\/li>\n<li style=\"text-align: left;\"><span style=\"color: #ffcb60;\"><strong><u>Soil :<\/u><\/strong><\/span> Scree-limestone of the Hortus mountains<\/li>\n<li style=\"text-align: left;\"><span style=\"color: #ffcb60;\"><strong><u>Wine making &amp; aging :<\/u><\/strong><\/span> 1\/3 of the volume is aged in French oak barrels and 2\/3 in vats for one year<\/li>\n<\/ul>","protected":false},"excerpt":{"rendered":"<p>AOP PIC SAINT LOUP &#8211; ROUGE<\/p>","protected":false},"featured_media":3554,"template":"","meta":{"ocean_post_layout":"","ocean_both_sidebars_style":"","ocean_both_sidebars_content_width":0,"ocean_both_sidebars_sidebars_width":0,"ocean_sidebar":"0","ocean_second_sidebar":"0","ocean_disable_margins":"enable","ocean_add_body_class":"","ocean_shortcode_before_top_bar":"","ocean_shortcode_after_top_bar":"","ocean_shortcode_before_header":"","ocean_shortcode_after_header":"","ocean_has_shortcode":"","ocean_shortcode_after_title":"","ocean_shortcode_before_footer_widgets":"","ocean_shortcode_after_footer_widgets":"","ocean_shortcode_before_footer_bottom":"","ocean_shortcode_after_footer_bottom":"","ocean_display_top_bar":"default","ocean_display_header":"default","ocean_header_style":"","ocean_center_header_left_menu":"0","ocean_custom_header_template":"0","ocean_custom_logo":0,"ocean_custom_retina_logo":0,"ocean_custom_logo_max_width":0,"ocean_custom_logo_tablet_max_width":0,"ocean_custom_logo_mobile_max_width":0,"ocean_custom_logo_max_height":0,"ocean_custom_logo_tablet_max_height":0,"ocean_custom_logo_mobile_max_height":0,"ocean_header_custom_menu":"0","ocean_menu_typo_font_family":"0","ocean_menu_typo_font_subset":"","ocean_menu_typo_font_size":0,"ocean_menu_typo_font_size_tablet":0,"ocean_menu_typo_font_size_mobile":0,"ocean_menu_typo_font_size_unit":"px","ocean_menu_typo_font_weight":"","ocean_menu_typo_font_weight_tablet":"","ocean_menu_typo_font_weight_mobile":"","ocean_menu_typo_transform":"","ocean_menu_typo_transform_tablet":"","ocean_menu_typo_transform_mobile":"","ocean_menu_typo_line_height":0,"ocean_menu_typo_line_height_tablet":0,"ocean_menu_typo_line_height_mobile":0,"ocean_menu_typo_line_height_unit":"","ocean_menu_typo_spacing":0,"ocean_menu_typo_spacing_tablet":0,"ocean_menu_typo_spacing_mobile":0,"ocean_menu_typo_spacing_unit":"","ocean_menu_link_color":"","ocean_menu_link_color_hover":"","ocean_menu_link_color_active":"","ocean_menu_link_background":"","ocean_menu_link_hover_background":"","ocean_menu_link_active_background":"","ocean_menu_social_links_bg":"","ocean_menu_social_hover_links_bg":"","ocean_menu_social_links_color":"","ocean_menu_social_hover_links_color":"","ocean_disable_title":"default","ocean_disable_heading":"default","ocean_post_title":"","ocean_post_subheading":"","ocean_post_title_style":"","ocean_post_title_background_color":"","ocean_post_title_background":0,"ocean_post_title_bg_image_position":"","ocean_post_title_bg_image_attachment":"","ocean_post_title_bg_image_repeat":"","ocean_post_title_bg_image_size":"","ocean_post_title_height":0,"ocean_post_title_bg_overlay":0.5,"ocean_post_title_bg_overlay_color":"","ocean_disable_breadcrumbs":"default","ocean_breadcrumbs_color":"","ocean_breadcrumbs_separator_color":"","ocean_breadcrumbs_links_color":"","ocean_breadcrumbs_links_hover_color":"","ocean_display_footer_widgets":"default","ocean_display_footer_bottom":"default","ocean_custom_footer_template":"0","osh_disable_topbar_sticky":"default","osh_disable_header_sticky":"default","osh_sticky_header_style":"default","osh_sticky_header_effect":"","osh_custom_sticky_logo":0,"osh_custom_retina_sticky_logo":0,"osh_custom_sticky_logo_height":0,"osh_background_color":"","osh_links_color":"","osh_links_hover_color":"","osh_links_active_color":"","osh_links_bg_color":"","osh_links_hover_bg_color":"","osh_links_active_bg_color":"","osh_menu_social_links_color":"","osh_menu_social_hover_links_color":""},"product_brand":[],"product_cat":[70],"product_tag":[],"class_list":{"0":"post-1994","1":"product","2":"type-product","3":"status-publish","4":"has-post-thumbnail","6":"product_cat-rouge","8":"entry","9":"has-media","11":"first","12":"instock","13":"taxable","14":"shipping-taxable","15":"purchasable","16":"product-type-simple","17":"has-product-nav","18":"col","19":"span_1_of_3","20":"owp-content-center","21":"owp-thumbs-layout-horizontal","22":"owp-btn-normal","23":"owp-tabs-layout-horizontal","24":"has-no-thumbnails"},"yoast_head":"<!-- This site is optimized with the Yoast SEO plugin v27.5 - https:\/\/yoast.com\/product\/yoast-seo-wordpress\/ -->\n<title>JOSEPH ONESIME 2023 - Mas Gourdou<\/title>\n<meta name=\"robots\" content=\"index, follow, max-snippet:-1, max-image-preview:large, max-video-preview:-1\" \/>\n<link rel=\"canonical\" href=\"https:\/\/masgourdou.com\/en\/product\/joseph-onesime\/\" \/>\n<meta property=\"og:locale\" content=\"en_US\" \/>\n<meta property=\"og:type\" content=\"article\" \/>\n<meta property=\"og:title\" content=\"JOSEPH ONESIME 2023 - Mas Gourdou\" \/>\n<meta property=\"og:description\" content=\"AOP PIC SAINT LOUP - ROUGE\" \/>\n<meta property=\"og:url\" content=\"https:\/\/masgourdou.com\/en\/product\/joseph-onesime\/\" \/>\n<meta property=\"og:site_name\" content=\"Mas Gourdou\" \/>\n<meta property=\"article:modified_time\" content=\"2025-03-24T08:14:43+00:00\" \/>\n<meta property=\"og:image\" content=\"https:\/\/masgourdou.com\/wp-content\/uploads\/2024\/06\/Joseph-Onesime-HD.png\" \/>\n\t<meta property=\"og:image:width\" content=\"344\" \/>\n\t<meta property=\"og:image:height\" content=\"1000\" \/>\n\t<meta property=\"og:image:type\" content=\"image\/png\" \/>\n<meta name=\"twitter:card\" content=\"summary_large_image\" \/>\n<meta name=\"twitter:label1\" content=\"Est. reading time\" \/>\n\t<meta name=\"twitter:data1\" content=\"2 minutes\" \/>\n<script type=\"application\/ld+json\" class=\"yoast-schema-graph\">{\"@context\":\"https:\\\/\\\/schema.org\",\"@graph\":[{\"@type\":\"WebPage\",\"@id\":\"https:\\\/\\\/masgourdou.com\\\/en\\\/product\\\/joseph-onesime\\\/\",\"url\":\"https:\\\/\\\/masgourdou.com\\\/en\\\/product\\\/joseph-onesime\\\/\",\"name\":\"JOSEPH ONESIME 2023 - Mas Gourdou\",\"isPartOf\":{\"@id\":\"https:\\\/\\\/masgourdou.com\\\/#website\"},\"primaryImageOfPage\":{\"@id\":\"https:\\\/\\\/masgourdou.com\\\/en\\\/product\\\/joseph-onesime\\\/#primaryimage\"},\"image\":{\"@id\":\"https:\\\/\\\/masgourdou.com\\\/en\\\/product\\\/joseph-onesime\\\/#primaryimage\"},\"thumbnailUrl\":\"https:\\\/\\\/masgourdou.com\\\/wp-content\\\/uploads\\\/2024\\\/06\\\/Joseph-Onesime-HD.png\",\"datePublished\":\"2024-06-05T07:37:22+00:00\",\"dateModified\":\"2025-03-24T08:14:43+00:00\",\"breadcrumb\":{\"@id\":\"https:\\\/\\\/masgourdou.com\\\/en\\\/product\\\/joseph-onesime\\\/#breadcrumb\"},\"inLanguage\":\"en-US\",\"potentialAction\":[{\"@type\":\"ReadAction\",\"target\":[\"https:\\\/\\\/masgourdou.com\\\/en\\\/product\\\/joseph-onesime\\\/\"]}]},{\"@type\":\"ImageObject\",\"inLanguage\":\"en-US\",\"@id\":\"https:\\\/\\\/masgourdou.com\\\/en\\\/product\\\/joseph-onesime\\\/#primaryimage\",\"url\":\"https:\\\/\\\/masgourdou.com\\\/wp-content\\\/uploads\\\/2024\\\/06\\\/Joseph-Onesime-HD.png\",\"contentUrl\":\"https:\\\/\\\/masgourdou.com\\\/wp-content\\\/uploads\\\/2024\\\/06\\\/Joseph-Onesime-HD.png\",\"width\":344,\"height\":1000},{\"@type\":\"BreadcrumbList\",\"@id\":\"https:\\\/\\\/masgourdou.com\\\/en\\\/product\\\/joseph-onesime\\\/#breadcrumb\",\"itemListElement\":[{\"@type\":\"ListItem\",\"position\":1,\"name\":\"Accueil\",\"item\":\"https:\\\/\\\/masgourdou.com\\\/\"},{\"@type\":\"ListItem\",\"position\":2,\"name\":\"Produits\",\"item\":\"https:\\\/\\\/masgourdou.com\\\/shop\\\/\"},{\"@type\":\"ListItem\",\"position\":3,\"name\":\"JOSEPH ONESIME 2023\"}]},{\"@type\":\"WebSite\",\"@id\":\"https:\\\/\\\/masgourdou.com\\\/#website\",\"url\":\"https:\\\/\\\/masgourdou.com\\\/\",\"name\":\"Mas Gourdou\",\"description\":\"\",\"publisher\":{\"@id\":\"https:\\\/\\\/masgourdou.com\\\/#organization\"},\"potentialAction\":[{\"@type\":\"SearchAction\",\"target\":{\"@type\":\"EntryPoint\",\"urlTemplate\":\"https:\\\/\\\/masgourdou.com\\\/?s={search_term_string}\"},\"query-input\":{\"@type\":\"PropertyValueSpecification\",\"valueRequired\":true,\"valueName\":\"search_term_string\"}}],\"inLanguage\":\"en-US\"},{\"@type\":\"Organization\",\"@id\":\"https:\\\/\\\/masgourdou.com\\\/#organization\",\"name\":\"Mas Gourdou\",\"url\":\"https:\\\/\\\/masgourdou.com\\\/\",\"logo\":{\"@type\":\"ImageObject\",\"inLanguage\":\"en-US\",\"@id\":\"https:\\\/\\\/masgourdou.com\\\/#\\\/schema\\\/logo\\\/image\\\/\",\"url\":\"https:\\\/\\\/masgourdou.com\\\/wp-content\\\/uploads\\\/2024\\\/07\\\/cropped-logo_masgourdou_289x100.png\",\"contentUrl\":\"https:\\\/\\\/masgourdou.com\\\/wp-content\\\/uploads\\\/2024\\\/07\\\/cropped-logo_masgourdou_289x100.png\",\"width\":289,\"height\":100,\"caption\":\"Mas Gourdou\"},\"image\":{\"@id\":\"https:\\\/\\\/masgourdou.com\\\/#\\\/schema\\\/logo\\\/image\\\/\"}}]}<\/script>\n<!-- \/ Yoast SEO plugin. -->","yoast_head_json":{"title":"JOSEPH ONESIME 2023 - Mas Gourdou","robots":{"index":"index","follow":"follow","max-snippet":"max-snippet:-1","max-image-preview":"max-image-preview:large","max-video-preview":"max-video-preview:-1"},"canonical":"https:\/\/masgourdou.com\/en\/product\/joseph-onesime\/","og_locale":"en_US","og_type":"article","og_title":"JOSEPH ONESIME 2023 - Mas Gourdou","og_description":"AOP PIC SAINT LOUP - ROUGE","og_url":"https:\/\/masgourdou.com\/en\/product\/joseph-onesime\/","og_site_name":"Mas Gourdou","article_modified_time":"2025-03-24T08:14:43+00:00","og_image":[{"width":344,"height":1000,"url":"https:\/\/masgourdou.com\/wp-content\/uploads\/2024\/06\/Joseph-Onesime-HD.png","type":"image\/png"}],"twitter_card":"summary_large_image","twitter_misc":{"Est. reading time":"2 minutes"},"schema":{"@context":"https:\/\/schema.org","@graph":[{"@type":"WebPage","@id":"https:\/\/masgourdou.com\/en\/product\/joseph-onesime\/","url":"https:\/\/masgourdou.com\/en\/product\/joseph-onesime\/","name":"JOSEPH ONESIME 2023 - Mas Gourdou","isPartOf":{"@id":"https:\/\/masgourdou.com\/#website"},"primaryImageOfPage":{"@id":"https:\/\/masgourdou.com\/en\/product\/joseph-onesime\/#primaryimage"},"image":{"@id":"https:\/\/masgourdou.com\/en\/product\/joseph-onesime\/#primaryimage"},"thumbnailUrl":"https:\/\/masgourdou.com\/wp-content\/uploads\/2024\/06\/Joseph-Onesime-HD.png","datePublished":"2024-06-05T07:37:22+00:00","dateModified":"2025-03-24T08:14:43+00:00","breadcrumb":{"@id":"https:\/\/masgourdou.com\/en\/product\/joseph-onesime\/#breadcrumb"},"inLanguage":"en-US","potentialAction":[{"@type":"ReadAction","target":["https:\/\/masgourdou.com\/en\/product\/joseph-onesime\/"]}]},{"@type":"ImageObject","inLanguage":"en-US","@id":"https:\/\/masgourdou.com\/en\/product\/joseph-onesime\/#primaryimage","url":"https:\/\/masgourdou.com\/wp-content\/uploads\/2024\/06\/Joseph-Onesime-HD.png","contentUrl":"https:\/\/masgourdou.com\/wp-content\/uploads\/2024\/06\/Joseph-Onesime-HD.png","width":344,"height":1000},{"@type":"BreadcrumbList","@id":"https:\/\/masgourdou.com\/en\/product\/joseph-onesime\/#breadcrumb","itemListElement":[{"@type":"ListItem","position":1,"name":"Accueil","item":"https:\/\/masgourdou.com\/"},{"@type":"ListItem","position":2,"name":"Produits","item":"https:\/\/masgourdou.com\/shop\/"},{"@type":"ListItem","position":3,"name":"JOSEPH ONESIME 2023"}]},{"@type":"WebSite","@id":"https:\/\/masgourdou.com\/#website","url":"https:\/\/masgourdou.com\/","name":"Mas Gourdou","description":"","publisher":{"@id":"https:\/\/masgourdou.com\/#organization"},"potentialAction":[{"@type":"SearchAction","target":{"@type":"EntryPoint","urlTemplate":"https:\/\/masgourdou.com\/?s={search_term_string}"},"query-input":{"@type":"PropertyValueSpecification","valueRequired":true,"valueName":"search_term_string"}}],"inLanguage":"en-US"},{"@type":"Organization","@id":"https:\/\/masgourdou.com\/#organization","name":"Mas Gourdou","url":"https:\/\/masgourdou.com\/","logo":{"@type":"ImageObject","inLanguage":"en-US","@id":"https:\/\/masgourdou.com\/#\/schema\/logo\/image\/","url":"https:\/\/masgourdou.com\/wp-content\/uploads\/2024\/07\/cropped-logo_masgourdou_289x100.png","contentUrl":"https:\/\/masgourdou.com\/wp-content\/uploads\/2024\/07\/cropped-logo_masgourdou_289x100.png","width":289,"height":100,"caption":"Mas Gourdou"},"image":{"@id":"https:\/\/masgourdou.com\/#\/schema\/logo\/image\/"}}]}},"_links":{"self":[{"href":"https:\/\/masgourdou.com\/en\/wp-json\/wp\/v2\/product\/1994","targetHints":{"allow":["GET"]}}],"collection":[{"href":"https:\/\/masgourdou.com\/en\/wp-json\/wp\/v2\/product"}],"about":[{"href":"https:\/\/masgourdou.com\/en\/wp-json\/wp\/v2\/types\/product"}],"wp:featuredmedia":[{"embeddable":true,"href":"https:\/\/masgourdou.com\/en\/wp-json\/wp\/v2\/media\/3554"}],"wp:attachment":[{"href":"https:\/\/masgourdou.com\/en\/wp-json\/wp\/v2\/media?parent=1994"}],"wp:term":[{"taxonomy":"product_brand","embeddable":true,"href":"https:\/\/masgourdou.com\/en\/wp-json\/wp\/v2\/product_brand?post=1994"},{"taxonomy":"product_cat","embeddable":true,"href":"https:\/\/masgourdou.com\/en\/wp-json\/wp\/v2\/product_cat?post=1994"},{"taxonomy":"product_tag","embeddable":true,"href":"https:\/\/masgourdou.com\/en\/wp-json\/wp\/v2\/product_tag?post=1994"}],"curies":[{"name":"wp","href":"https:\/\/api.w.org\/{rel}","templated":true}]}}