{"id":1978,"date":"2024-06-04T17:06:07","date_gmt":"2024-06-04T15:06:07","guid":{"rendered":"https:\/\/masgourdou.com\/?post_type=product&#038;p=1978"},"modified":"2025-02-24T16:26:45","modified_gmt":"2025-02-24T15:26:45","slug":"version-originale","status":"publish","type":"product","link":"https:\/\/masgourdou.com\/en\/product\/version-originale\/","title":{"rendered":"VERSION ORIGINALE 2019"},"content":{"rendered":"<p>Version Originale attire imm\u00e9diatement l&rsquo;\u0153il avec sa robe ambr\u00e9e, qui \u00e9voque chaleur et profondeur. Le vin orange est un vin blanc vinifi\u00e9 avec une mac\u00e9ration prolong\u00e9e des peaux, ce qui lui conf\u00e8re une structure tannique et une couleur distincte, reflet de notre engagement dans la cr\u00e9ativit\u00e9 viticole. Au nez, ce vin orange d\u00e9voile une riche palette aromatique : des notes de fruits m\u00fbrs se m\u00ealent \u00e0 des ar\u00f4mes de fruits exotiques tels que le litchi.<\/p>\n<p>On the palate, this wine has a marked tannic structure, characteristic of orange wines, which adds a unique texture and extra depth. This tannicity is perfectly balanced by good acidity, giving the wine a pleasant freshness and liveliness.<\/p>\n<p>The ideal serving temperature is 12\u00b0C. This wine goes wonderfully with white meats, spicy dishes and cheeses, bringing a distinctive, harmonious touch to these culinary pairings. This wine can be cellared for 4 to 8 years.<\/p>\n<ul>\n<li style=\"text-align: left;\"><span style=\"color: #ffcb60;\"><strong><u>Grape varieties :<\/u><\/strong><\/span> Grenache Blanc (80%), Clairette (20%)<\/li>\n<li style=\"text-align: left;\"><span style=\"color: #ffcb60;\"><strong><u>Soil :<\/u><\/strong><\/span> Clay-limestone soil<\/li>\n<li style=\"text-align: left;\"><span style=\"color: #ffcb60;\"><strong><u>Wine making &amp; aging :<\/u><\/strong><\/span> In vats for 6 months with staves to limit SO2 inputs<\/li>\n<\/ul>","protected":false},"excerpt":{"rendered":"<p>VIN DE FRANCE &#8211; ORANGE<\/p>","protected":false},"featured_media":2302,"template":"","meta":{"ocean_post_layout":"","ocean_both_sidebars_style":"","ocean_both_sidebars_content_width":0,"ocean_both_sidebars_sidebars_width":0,"ocean_sidebar":"0","ocean_second_sidebar":"0","ocean_disable_margins":"enable","ocean_add_body_class":"","ocean_shortcode_before_top_bar":"","ocean_shortcode_after_top_bar":"","ocean_shortcode_before_header":"","ocean_shortcode_after_header":"","ocean_has_shortcode":"","ocean_shortcode_after_title":"","ocean_shortcode_before_footer_widgets":"","ocean_shortcode_after_footer_widgets":"","ocean_shortcode_before_footer_bottom":"","ocean_shortcode_after_footer_bottom":"","ocean_display_top_bar":"default","ocean_display_header":"default","ocean_header_style":"","ocean_center_header_left_menu":"0","ocean_custom_header_template":"0","ocean_custom_logo":0,"ocean_custom_retina_logo":0,"ocean_custom_logo_max_width":0,"ocean_custom_logo_tablet_max_width":0,"ocean_custom_logo_mobile_max_width":0,"ocean_custom_logo_max_height":0,"ocean_custom_logo_tablet_max_height":0,"ocean_custom_logo_mobile_max_height":0,"ocean_header_custom_menu":"0","ocean_menu_typo_font_family":"0","ocean_menu_typo_font_subset":"","ocean_menu_typo_font_size":0,"ocean_menu_typo_font_size_tablet":0,"ocean_menu_typo_font_size_mobile":0,"ocean_menu_typo_font_size_unit":"px","ocean_menu_typo_font_weight":"","ocean_menu_typo_font_weight_tablet":"","ocean_menu_typo_font_weight_mobile":"","ocean_menu_typo_transform":"","ocean_menu_typo_transform_tablet":"","ocean_menu_typo_transform_mobile":"","ocean_menu_typo_line_height":0,"ocean_menu_typo_line_height_tablet":0,"ocean_menu_typo_line_height_mobile":0,"ocean_menu_typo_line_height_unit":"","ocean_menu_typo_spacing":0,"ocean_menu_typo_spacing_tablet":0,"ocean_menu_typo_spacing_mobile":0,"ocean_menu_typo_spacing_unit":"","ocean_menu_link_color":"","ocean_menu_link_color_hover":"","ocean_menu_link_color_active":"","ocean_menu_link_background":"","ocean_menu_link_hover_background":"","ocean_menu_link_active_background":"","ocean_menu_social_links_bg":"","ocean_menu_social_hover_links_bg":"","ocean_menu_social_links_color":"","ocean_menu_social_hover_links_color":"","ocean_disable_title":"default","ocean_disable_heading":"default","ocean_post_title":"","ocean_post_subheading":"","ocean_post_title_style":"","ocean_post_title_background_color":"","ocean_post_title_background":0,"ocean_post_title_bg_image_position":"","ocean_post_title_bg_image_attachment":"","ocean_post_title_bg_image_repeat":"","ocean_post_title_bg_image_size":"","ocean_post_title_height":0,"ocean_post_title_bg_overlay":0.5,"ocean_post_title_bg_overlay_color":"","ocean_disable_breadcrumbs":"default","ocean_breadcrumbs_color":"","ocean_breadcrumbs_separator_color":"","ocean_breadcrumbs_links_color":"","ocean_breadcrumbs_links_hover_color":"","ocean_display_footer_widgets":"default","ocean_display_footer_bottom":"default","ocean_custom_footer_template":"0","osh_disable_topbar_sticky":"default","osh_disable_header_sticky":"default","osh_sticky_header_style":"default","osh_sticky_header_effect":"","osh_custom_sticky_logo":0,"osh_custom_retina_sticky_logo":0,"osh_custom_sticky_logo_height":0,"osh_background_color":"","osh_links_color":"","osh_links_hover_color":"","osh_links_active_color":"","osh_links_bg_color":"","osh_links_hover_bg_color":"","osh_links_active_bg_color":"","osh_menu_social_links_color":"","osh_menu_social_hover_links_color":""},"product_brand":[],"product_cat":[15],"product_tag":[],"class_list":{"0":"post-1978","1":"product","2":"type-product","3":"status-publish","4":"has-post-thumbnail","6":"product_cat-non-classe","8":"entry","9":"has-media","11":"first","12":"instock","13":"taxable","14":"shipping-taxable","15":"purchasable","16":"product-type-simple","17":"has-product-nav","18":"col","19":"span_1_of_3","20":"owp-content-center","21":"owp-thumbs-layout-horizontal","22":"owp-btn-normal","23":"owp-tabs-layout-horizontal","24":"has-no-thumbnails"},"yoast_head":"<!-- This site is optimized with the Yoast SEO plugin v25.0 - https:\/\/yoast.com\/wordpress\/plugins\/seo\/ -->\n<title>VERSION ORIGINALE 2019 - Mas Gourdou<\/title>\n<meta name=\"robots\" content=\"index, follow, max-snippet:-1, max-image-preview:large, max-video-preview:-1\" \/>\n<link rel=\"canonical\" href=\"https:\/\/masgourdou.com\/en\/product\/version-originale\/\" \/>\n<meta property=\"og:locale\" content=\"en_US\" \/>\n<meta property=\"og:type\" content=\"article\" \/>\n<meta property=\"og:title\" content=\"VERSION ORIGINALE 2019 - Mas Gourdou\" \/>\n<meta property=\"og:description\" content=\"VIN DE FRANCE - ORANGE\" \/>\n<meta property=\"og:url\" content=\"https:\/\/masgourdou.com\/en\/product\/version-originale\/\" \/>\n<meta property=\"og:site_name\" content=\"Mas Gourdou\" \/>\n<meta property=\"article:modified_time\" content=\"2025-02-24T15:26:45+00:00\" \/>\n<meta property=\"og:image\" content=\"https:\/\/masgourdou.com\/wp-content\/uploads\/2024\/06\/vin-orange_VERSION-ORIGINALE.png\" \/>\n\t<meta property=\"og:image:width\" content=\"325\" \/>\n\t<meta property=\"og:image:height\" content=\"1000\" \/>\n\t<meta property=\"og:image:type\" content=\"image\/png\" \/>\n<meta name=\"twitter:card\" content=\"summary_large_image\" \/>\n<meta name=\"twitter:label1\" content=\"Est. reading time\" \/>\n\t<meta name=\"twitter:data1\" content=\"2 minutes\" \/>\n<script type=\"application\/ld+json\" class=\"yoast-schema-graph\">{\"@context\":\"https:\/\/schema.org\",\"@graph\":[{\"@type\":\"WebPage\",\"@id\":\"https:\/\/masgourdou.com\/en\/product\/version-originale\/\",\"url\":\"https:\/\/masgourdou.com\/en\/product\/version-originale\/\",\"name\":\"VERSION ORIGINALE 2019 - Mas Gourdou\",\"isPartOf\":{\"@id\":\"https:\/\/masgourdou.com\/#website\"},\"primaryImageOfPage\":{\"@id\":\"https:\/\/masgourdou.com\/en\/product\/version-originale\/#primaryimage\"},\"image\":{\"@id\":\"https:\/\/masgourdou.com\/en\/product\/version-originale\/#primaryimage\"},\"thumbnailUrl\":\"https:\/\/masgourdou.com\/wp-content\/uploads\/2024\/06\/vin-orange_VERSION-ORIGINALE.png\",\"datePublished\":\"2024-06-04T15:06:07+00:00\",\"dateModified\":\"2025-02-24T15:26:45+00:00\",\"breadcrumb\":{\"@id\":\"https:\/\/masgourdou.com\/en\/product\/version-originale\/#breadcrumb\"},\"inLanguage\":\"en-US\",\"potentialAction\":[{\"@type\":\"ReadAction\",\"target\":[\"https:\/\/masgourdou.com\/en\/product\/version-originale\/\"]}]},{\"@type\":\"ImageObject\",\"inLanguage\":\"en-US\",\"@id\":\"https:\/\/masgourdou.com\/en\/product\/version-originale\/#primaryimage\",\"url\":\"https:\/\/masgourdou.com\/wp-content\/uploads\/2024\/06\/vin-orange_VERSION-ORIGINALE.png\",\"contentUrl\":\"https:\/\/masgourdou.com\/wp-content\/uploads\/2024\/06\/vin-orange_VERSION-ORIGINALE.png\",\"width\":325,\"height\":1000,\"caption\":\"VERSION ORIGINALE - Vin orange du domaine Mas Gourdou\"},{\"@type\":\"BreadcrumbList\",\"@id\":\"https:\/\/masgourdou.com\/en\/product\/version-originale\/#breadcrumb\",\"itemListElement\":[{\"@type\":\"ListItem\",\"position\":1,\"name\":\"Accueil\",\"item\":\"https:\/\/masgourdou.com\/\"},{\"@type\":\"ListItem\",\"position\":2,\"name\":\"Produits\",\"item\":\"https:\/\/masgourdou.com\/shop\/\"},{\"@type\":\"ListItem\",\"position\":3,\"name\":\"VERSION ORIGINALE 2019\"}]},{\"@type\":\"WebSite\",\"@id\":\"https:\/\/masgourdou.com\/#website\",\"url\":\"https:\/\/masgourdou.com\/\",\"name\":\"Mas Gourdou\",\"description\":\"\",\"publisher\":{\"@id\":\"https:\/\/masgourdou.com\/#organization\"},\"potentialAction\":[{\"@type\":\"SearchAction\",\"target\":{\"@type\":\"EntryPoint\",\"urlTemplate\":\"https:\/\/masgourdou.com\/?s={search_term_string}\"},\"query-input\":{\"@type\":\"PropertyValueSpecification\",\"valueRequired\":true,\"valueName\":\"search_term_string\"}}],\"inLanguage\":\"en-US\"},{\"@type\":\"Organization\",\"@id\":\"https:\/\/masgourdou.com\/#organization\",\"name\":\"Mas Gourdou\",\"url\":\"https:\/\/masgourdou.com\/\",\"logo\":{\"@type\":\"ImageObject\",\"inLanguage\":\"en-US\",\"@id\":\"https:\/\/masgourdou.com\/#\/schema\/logo\/image\/\",\"url\":\"https:\/\/masgourdou.com\/wp-content\/uploads\/2024\/07\/cropped-logo_masgourdou_289x100.png\",\"contentUrl\":\"https:\/\/masgourdou.com\/wp-content\/uploads\/2024\/07\/cropped-logo_masgourdou_289x100.png\",\"width\":289,\"height\":100,\"caption\":\"Mas Gourdou\"},\"image\":{\"@id\":\"https:\/\/masgourdou.com\/#\/schema\/logo\/image\/\"}}]}<\/script>\n<!-- \/ Yoast SEO plugin. -->","yoast_head_json":{"title":"VERSION ORIGINALE 2019 - Mas Gourdou","robots":{"index":"index","follow":"follow","max-snippet":"max-snippet:-1","max-image-preview":"max-image-preview:large","max-video-preview":"max-video-preview:-1"},"canonical":"https:\/\/masgourdou.com\/en\/product\/version-originale\/","og_locale":"en_US","og_type":"article","og_title":"VERSION ORIGINALE 2019 - Mas Gourdou","og_description":"VIN DE FRANCE - ORANGE","og_url":"https:\/\/masgourdou.com\/en\/product\/version-originale\/","og_site_name":"Mas Gourdou","article_modified_time":"2025-02-24T15:26:45+00:00","og_image":[{"width":325,"height":1000,"url":"https:\/\/masgourdou.com\/wp-content\/uploads\/2024\/06\/vin-orange_VERSION-ORIGINALE.png","type":"image\/png"}],"twitter_card":"summary_large_image","twitter_misc":{"Est. reading time":"2 minutes"},"schema":{"@context":"https:\/\/schema.org","@graph":[{"@type":"WebPage","@id":"https:\/\/masgourdou.com\/en\/product\/version-originale\/","url":"https:\/\/masgourdou.com\/en\/product\/version-originale\/","name":"VERSION ORIGINALE 2019 - Mas Gourdou","isPartOf":{"@id":"https:\/\/masgourdou.com\/#website"},"primaryImageOfPage":{"@id":"https:\/\/masgourdou.com\/en\/product\/version-originale\/#primaryimage"},"image":{"@id":"https:\/\/masgourdou.com\/en\/product\/version-originale\/#primaryimage"},"thumbnailUrl":"https:\/\/masgourdou.com\/wp-content\/uploads\/2024\/06\/vin-orange_VERSION-ORIGINALE.png","datePublished":"2024-06-04T15:06:07+00:00","dateModified":"2025-02-24T15:26:45+00:00","breadcrumb":{"@id":"https:\/\/masgourdou.com\/en\/product\/version-originale\/#breadcrumb"},"inLanguage":"en-US","potentialAction":[{"@type":"ReadAction","target":["https:\/\/masgourdou.com\/en\/product\/version-originale\/"]}]},{"@type":"ImageObject","inLanguage":"en-US","@id":"https:\/\/masgourdou.com\/en\/product\/version-originale\/#primaryimage","url":"https:\/\/masgourdou.com\/wp-content\/uploads\/2024\/06\/vin-orange_VERSION-ORIGINALE.png","contentUrl":"https:\/\/masgourdou.com\/wp-content\/uploads\/2024\/06\/vin-orange_VERSION-ORIGINALE.png","width":325,"height":1000,"caption":"VERSION ORIGINALE - Vin orange du domaine Mas Gourdou"},{"@type":"BreadcrumbList","@id":"https:\/\/masgourdou.com\/en\/product\/version-originale\/#breadcrumb","itemListElement":[{"@type":"ListItem","position":1,"name":"Accueil","item":"https:\/\/masgourdou.com\/"},{"@type":"ListItem","position":2,"name":"Produits","item":"https:\/\/masgourdou.com\/shop\/"},{"@type":"ListItem","position":3,"name":"VERSION ORIGINALE 2019"}]},{"@type":"WebSite","@id":"https:\/\/masgourdou.com\/#website","url":"https:\/\/masgourdou.com\/","name":"Mas Gourdou","description":"","publisher":{"@id":"https:\/\/masgourdou.com\/#organization"},"potentialAction":[{"@type":"SearchAction","target":{"@type":"EntryPoint","urlTemplate":"https:\/\/masgourdou.com\/?s={search_term_string}"},"query-input":{"@type":"PropertyValueSpecification","valueRequired":true,"valueName":"search_term_string"}}],"inLanguage":"en-US"},{"@type":"Organization","@id":"https:\/\/masgourdou.com\/#organization","name":"Mas Gourdou","url":"https:\/\/masgourdou.com\/","logo":{"@type":"ImageObject","inLanguage":"en-US","@id":"https:\/\/masgourdou.com\/#\/schema\/logo\/image\/","url":"https:\/\/masgourdou.com\/wp-content\/uploads\/2024\/07\/cropped-logo_masgourdou_289x100.png","contentUrl":"https:\/\/masgourdou.com\/wp-content\/uploads\/2024\/07\/cropped-logo_masgourdou_289x100.png","width":289,"height":100,"caption":"Mas Gourdou"},"image":{"@id":"https:\/\/masgourdou.com\/#\/schema\/logo\/image\/"}}]}},"_links":{"self":[{"href":"https:\/\/masgourdou.com\/en\/wp-json\/wp\/v2\/product\/1978","targetHints":{"allow":["GET"]}}],"collection":[{"href":"https:\/\/masgourdou.com\/en\/wp-json\/wp\/v2\/product"}],"about":[{"href":"https:\/\/masgourdou.com\/en\/wp-json\/wp\/v2\/types\/product"}],"wp:featuredmedia":[{"embeddable":true,"href":"https:\/\/masgourdou.com\/en\/wp-json\/wp\/v2\/media\/2302"}],"wp:attachment":[{"href":"https:\/\/masgourdou.com\/en\/wp-json\/wp\/v2\/media?parent=1978"}],"wp:term":[{"taxonomy":"product_brand","embeddable":true,"href":"https:\/\/masgourdou.com\/en\/wp-json\/wp\/v2\/product_brand?post=1978"},{"taxonomy":"product_cat","embeddable":true,"href":"https:\/\/masgourdou.com\/en\/wp-json\/wp\/v2\/product_cat?post=1978"},{"taxonomy":"product_tag","embeddable":true,"href":"https:\/\/masgourdou.com\/en\/wp-json\/wp\/v2\/product_tag?post=1978"}],"curies":[{"name":"wp","href":"https:\/\/api.w.org\/{rel}","templated":true}]}}