{"id":1059,"date":"2016-04-08T13:46:04","date_gmt":"2016-04-08T13:46:04","guid":{"rendered":"https:\/\/oceanwp.org\/store\/product\/armor-twist\/"},"modified":"2025-02-24T16:28:44","modified_gmt":"2025-02-24T15:28:44","slug":"gourmandise","status":"publish","type":"product","link":"https:\/\/masgourdou.com\/en\/product\/gourmandise\/","title":{"rendered":"GOURMANDISE 2022"},"content":{"rendered":"<p>Le Gourmandise se distingue par sa jolie robe jaune dor\u00e9. Au nez, il r\u00e9v\u00e8le des ar\u00f4mes envo\u00fbtants d&rsquo;agrumes, de p\u00eache m\u00fbre et de pain d&rsquo;\u00e9pice.<\/p>\n<p>On the palate, this wine offers great balance, beginning with a full, fat texture, complemented by a light, pearly mellowness that brings a pleasant sensation of freshness and sweetness. Its harmonious structure and elegance make it a pleasant, easy-drinking wine.<\/p>\n<p>La temp\u00e9rature id\u00e9ale pour le servir est de 8\u00b0C. Ce vin se marie parfaitement avec du foie gras, id\u00e9al en ap\u00e9ritif, ainsi qu&rsquo;avec des fromages de ch\u00e8vre comme le p\u00e9lardon ou des fromages plus puissants comme le roquefort. Il accompagne \u00e9galement \u00e0 merveille une tarte au citron, ajoutant une touche raffin\u00e9e et gourmande \u00e0 votre dessert.<\/p>\n<ul>\n<li style=\"text-align: left;\"><span style=\"color: #ffcb60;\"><strong><u>Grape varieties :<\/u><\/strong><\/span> Grenache Blanc (80%), Clairette (20%)<\/li>\n<li style=\"text-align: left;\"><span style=\"color: #ffcb60;\"><strong><u>Soil :<\/u><\/strong><\/span> Scree-limestone of the Hortus mountains<\/li>\n<li style=\"text-align: left;\"><span style=\"color: #ffcb60;\"><strong><u>Wine making &amp; aging :<\/u><\/strong><\/span> In vats for 6 months<\/li>\n<\/ul>","protected":false},"excerpt":{"rendered":"<p>VIN DE FRANCE &#8211; BLANC MOELLEUX<\/p>","protected":false},"featured_media":3557,"template":"","meta":{"ocean_post_layout":"","ocean_both_sidebars_style":"","ocean_both_sidebars_content_width":0,"ocean_both_sidebars_sidebars_width":0,"ocean_sidebar":"0","ocean_second_sidebar":"0","ocean_disable_margins":"enable","ocean_add_body_class":"","ocean_shortcode_before_top_bar":"","ocean_shortcode_after_top_bar":"","ocean_shortcode_before_header":"","ocean_shortcode_after_header":"","ocean_has_shortcode":"","ocean_shortcode_after_title":"","ocean_shortcode_before_footer_widgets":"","ocean_shortcode_after_footer_widgets":"","ocean_shortcode_before_footer_bottom":"","ocean_shortcode_after_footer_bottom":"","ocean_display_top_bar":"default","ocean_display_header":"default","ocean_header_style":"","ocean_center_header_left_menu":"0","ocean_custom_header_template":"0","ocean_custom_logo":0,"ocean_custom_retina_logo":0,"ocean_custom_logo_max_width":0,"ocean_custom_logo_tablet_max_width":0,"ocean_custom_logo_mobile_max_width":0,"ocean_custom_logo_max_height":0,"ocean_custom_logo_tablet_max_height":0,"ocean_custom_logo_mobile_max_height":0,"ocean_header_custom_menu":"0","ocean_menu_typo_font_family":"0","ocean_menu_typo_font_subset":"","ocean_menu_typo_font_size":0,"ocean_menu_typo_font_size_tablet":0,"ocean_menu_typo_font_size_mobile":0,"ocean_menu_typo_font_size_unit":"px","ocean_menu_typo_font_weight":"","ocean_menu_typo_font_weight_tablet":"","ocean_menu_typo_font_weight_mobile":"","ocean_menu_typo_transform":"","ocean_menu_typo_transform_tablet":"","ocean_menu_typo_transform_mobile":"","ocean_menu_typo_line_height":0,"ocean_menu_typo_line_height_tablet":0,"ocean_menu_typo_line_height_mobile":0,"ocean_menu_typo_line_height_unit":"","ocean_menu_typo_spacing":0,"ocean_menu_typo_spacing_tablet":0,"ocean_menu_typo_spacing_mobile":0,"ocean_menu_typo_spacing_unit":"","ocean_menu_link_color":"","ocean_menu_link_color_hover":"","ocean_menu_link_color_active":"","ocean_menu_link_background":"","ocean_menu_link_hover_background":"","ocean_menu_link_active_background":"","ocean_menu_social_links_bg":"","ocean_menu_social_hover_links_bg":"","ocean_menu_social_links_color":"","ocean_menu_social_hover_links_color":"","ocean_disable_title":"default","ocean_disable_heading":"default","ocean_post_title":"","ocean_post_subheading":"","ocean_post_title_style":"","ocean_post_title_background_color":"","ocean_post_title_background":0,"ocean_post_title_bg_image_position":"","ocean_post_title_bg_image_attachment":"","ocean_post_title_bg_image_repeat":"","ocean_post_title_bg_image_size":"","ocean_post_title_height":0,"ocean_post_title_bg_overlay":0.5,"ocean_post_title_bg_overlay_color":"","ocean_disable_breadcrumbs":"default","ocean_breadcrumbs_color":"","ocean_breadcrumbs_separator_color":"","ocean_breadcrumbs_links_color":"","ocean_breadcrumbs_links_hover_color":"","ocean_display_footer_widgets":"default","ocean_display_footer_bottom":"default","ocean_custom_footer_template":"0","osh_disable_topbar_sticky":"default","osh_disable_header_sticky":"default","osh_sticky_header_style":"default","osh_sticky_header_effect":"","osh_custom_sticky_logo":0,"osh_custom_retina_sticky_logo":0,"osh_custom_sticky_logo_height":0,"osh_background_color":"","osh_links_color":"","osh_links_hover_color":"","osh_links_active_color":"","osh_links_bg_color":"","osh_links_hover_bg_color":"","osh_links_active_bg_color":"","osh_menu_social_links_color":"","osh_menu_social_hover_links_color":""},"product_brand":[],"product_cat":[15],"product_tag":[],"class_list":{"0":"post-1059","1":"product","2":"type-product","3":"status-publish","4":"has-post-thumbnail","6":"product_cat-non-classe","8":"entry","9":"has-media","11":"first","12":"instock","13":"taxable","14":"shipping-taxable","15":"purchasable","16":"product-type-simple","17":"has-product-nav","18":"col","19":"span_1_of_3","20":"owp-content-center","21":"owp-thumbs-layout-horizontal","22":"owp-btn-normal","23":"owp-tabs-layout-horizontal","24":"has-no-thumbnails"},"yoast_head":"<!-- This site is optimized with the Yoast SEO plugin v27.5 - https:\/\/yoast.com\/product\/yoast-seo-wordpress\/ -->\n<title>GOURMANDISE 2022 - Mas Gourdou<\/title>\n<meta name=\"robots\" content=\"index, follow, max-snippet:-1, max-image-preview:large, max-video-preview:-1\" \/>\n<link rel=\"canonical\" href=\"https:\/\/masgourdou.com\/en\/product\/gourmandise\/\" \/>\n<meta property=\"og:locale\" content=\"en_US\" \/>\n<meta property=\"og:type\" content=\"article\" \/>\n<meta property=\"og:title\" content=\"GOURMANDISE 2022 - Mas Gourdou\" \/>\n<meta property=\"og:description\" content=\"VIN DE FRANCE - BLANC MOELLEUX\" \/>\n<meta property=\"og:url\" content=\"https:\/\/masgourdou.com\/en\/product\/gourmandise\/\" \/>\n<meta property=\"og:site_name\" content=\"Mas Gourdou\" \/>\n<meta property=\"article:modified_time\" content=\"2025-02-24T15:28:44+00:00\" \/>\n<meta property=\"og:image\" content=\"https:\/\/masgourdou.com\/wp-content\/uploads\/2016\/04\/vin-blanc_GOURMANDISE.png\" \/>\n\t<meta property=\"og:image:width\" content=\"337\" \/>\n\t<meta property=\"og:image:height\" content=\"1000\" \/>\n\t<meta property=\"og:image:type\" content=\"image\/png\" \/>\n<meta name=\"twitter:card\" content=\"summary_large_image\" \/>\n<meta name=\"twitter:label1\" content=\"Est. reading time\" \/>\n\t<meta name=\"twitter:data1\" content=\"1 minute\" \/>\n<script type=\"application\/ld+json\" class=\"yoast-schema-graph\">{\"@context\":\"https:\\\/\\\/schema.org\",\"@graph\":[{\"@type\":\"WebPage\",\"@id\":\"https:\\\/\\\/masgourdou.com\\\/produit\\\/gourmandise\\\/\",\"url\":\"https:\\\/\\\/masgourdou.com\\\/produit\\\/gourmandise\\\/\",\"name\":\"GOURMANDISE 2022 - Mas Gourdou\",\"isPartOf\":{\"@id\":\"https:\\\/\\\/masgourdou.com\\\/#website\"},\"primaryImageOfPage\":{\"@id\":\"https:\\\/\\\/masgourdou.com\\\/produit\\\/gourmandise\\\/#primaryimage\"},\"image\":{\"@id\":\"https:\\\/\\\/masgourdou.com\\\/produit\\\/gourmandise\\\/#primaryimage\"},\"thumbnailUrl\":\"https:\\\/\\\/masgourdou.com\\\/wp-content\\\/uploads\\\/2016\\\/04\\\/vin-blanc_GOURMANDISE.png\",\"datePublished\":\"2016-04-08T13:46:04+00:00\",\"dateModified\":\"2025-02-24T15:28:44+00:00\",\"breadcrumb\":{\"@id\":\"https:\\\/\\\/masgourdou.com\\\/produit\\\/gourmandise\\\/#breadcrumb\"},\"inLanguage\":\"en-US\",\"potentialAction\":[{\"@type\":\"ReadAction\",\"target\":[\"https:\\\/\\\/masgourdou.com\\\/produit\\\/gourmandise\\\/\"]}]},{\"@type\":\"ImageObject\",\"inLanguage\":\"en-US\",\"@id\":\"https:\\\/\\\/masgourdou.com\\\/produit\\\/gourmandise\\\/#primaryimage\",\"url\":\"https:\\\/\\\/masgourdou.com\\\/wp-content\\\/uploads\\\/2016\\\/04\\\/vin-blanc_GOURMANDISE.png\",\"contentUrl\":\"https:\\\/\\\/masgourdou.com\\\/wp-content\\\/uploads\\\/2016\\\/04\\\/vin-blanc_GOURMANDISE.png\",\"width\":337,\"height\":1000},{\"@type\":\"BreadcrumbList\",\"@id\":\"https:\\\/\\\/masgourdou.com\\\/produit\\\/gourmandise\\\/#breadcrumb\",\"itemListElement\":[{\"@type\":\"ListItem\",\"position\":1,\"name\":\"Accueil\",\"item\":\"https:\\\/\\\/masgourdou.com\\\/\"},{\"@type\":\"ListItem\",\"position\":2,\"name\":\"Produits\",\"item\":\"https:\\\/\\\/masgourdou.com\\\/shop\\\/\"},{\"@type\":\"ListItem\",\"position\":3,\"name\":\"GOURMANDISE 2022\"}]},{\"@type\":\"WebSite\",\"@id\":\"https:\\\/\\\/masgourdou.com\\\/#website\",\"url\":\"https:\\\/\\\/masgourdou.com\\\/\",\"name\":\"Mas Gourdou\",\"description\":\"\",\"publisher\":{\"@id\":\"https:\\\/\\\/masgourdou.com\\\/#organization\"},\"potentialAction\":[{\"@type\":\"SearchAction\",\"target\":{\"@type\":\"EntryPoint\",\"urlTemplate\":\"https:\\\/\\\/masgourdou.com\\\/?s={search_term_string}\"},\"query-input\":{\"@type\":\"PropertyValueSpecification\",\"valueRequired\":true,\"valueName\":\"search_term_string\"}}],\"inLanguage\":\"en-US\"},{\"@type\":\"Organization\",\"@id\":\"https:\\\/\\\/masgourdou.com\\\/#organization\",\"name\":\"Mas Gourdou\",\"url\":\"https:\\\/\\\/masgourdou.com\\\/\",\"logo\":{\"@type\":\"ImageObject\",\"inLanguage\":\"en-US\",\"@id\":\"https:\\\/\\\/masgourdou.com\\\/#\\\/schema\\\/logo\\\/image\\\/\",\"url\":\"https:\\\/\\\/masgourdou.com\\\/wp-content\\\/uploads\\\/2024\\\/07\\\/cropped-logo_masgourdou_289x100.png\",\"contentUrl\":\"https:\\\/\\\/masgourdou.com\\\/wp-content\\\/uploads\\\/2024\\\/07\\\/cropped-logo_masgourdou_289x100.png\",\"width\":289,\"height\":100,\"caption\":\"Mas Gourdou\"},\"image\":{\"@id\":\"https:\\\/\\\/masgourdou.com\\\/#\\\/schema\\\/logo\\\/image\\\/\"}}]}<\/script>\n<!-- \/ Yoast SEO plugin. -->","yoast_head_json":{"title":"GOURMANDISE 2022 - Mas Gourdou","robots":{"index":"index","follow":"follow","max-snippet":"max-snippet:-1","max-image-preview":"max-image-preview:large","max-video-preview":"max-video-preview:-1"},"canonical":"https:\/\/masgourdou.com\/en\/product\/gourmandise\/","og_locale":"en_US","og_type":"article","og_title":"GOURMANDISE 2022 - Mas Gourdou","og_description":"VIN DE FRANCE - BLANC MOELLEUX","og_url":"https:\/\/masgourdou.com\/en\/product\/gourmandise\/","og_site_name":"Mas Gourdou","article_modified_time":"2025-02-24T15:28:44+00:00","og_image":[{"width":337,"height":1000,"url":"https:\/\/masgourdou.com\/wp-content\/uploads\/2016\/04\/vin-blanc_GOURMANDISE.png","type":"image\/png"}],"twitter_card":"summary_large_image","twitter_misc":{"Est. reading time":"1 minute"},"schema":{"@context":"https:\/\/schema.org","@graph":[{"@type":"WebPage","@id":"https:\/\/masgourdou.com\/produit\/gourmandise\/","url":"https:\/\/masgourdou.com\/produit\/gourmandise\/","name":"GOURMANDISE 2022 - Mas Gourdou","isPartOf":{"@id":"https:\/\/masgourdou.com\/#website"},"primaryImageOfPage":{"@id":"https:\/\/masgourdou.com\/produit\/gourmandise\/#primaryimage"},"image":{"@id":"https:\/\/masgourdou.com\/produit\/gourmandise\/#primaryimage"},"thumbnailUrl":"https:\/\/masgourdou.com\/wp-content\/uploads\/2016\/04\/vin-blanc_GOURMANDISE.png","datePublished":"2016-04-08T13:46:04+00:00","dateModified":"2025-02-24T15:28:44+00:00","breadcrumb":{"@id":"https:\/\/masgourdou.com\/produit\/gourmandise\/#breadcrumb"},"inLanguage":"en-US","potentialAction":[{"@type":"ReadAction","target":["https:\/\/masgourdou.com\/produit\/gourmandise\/"]}]},{"@type":"ImageObject","inLanguage":"en-US","@id":"https:\/\/masgourdou.com\/produit\/gourmandise\/#primaryimage","url":"https:\/\/masgourdou.com\/wp-content\/uploads\/2016\/04\/vin-blanc_GOURMANDISE.png","contentUrl":"https:\/\/masgourdou.com\/wp-content\/uploads\/2016\/04\/vin-blanc_GOURMANDISE.png","width":337,"height":1000},{"@type":"BreadcrumbList","@id":"https:\/\/masgourdou.com\/produit\/gourmandise\/#breadcrumb","itemListElement":[{"@type":"ListItem","position":1,"name":"Accueil","item":"https:\/\/masgourdou.com\/"},{"@type":"ListItem","position":2,"name":"Produits","item":"https:\/\/masgourdou.com\/shop\/"},{"@type":"ListItem","position":3,"name":"GOURMANDISE 2022"}]},{"@type":"WebSite","@id":"https:\/\/masgourdou.com\/#website","url":"https:\/\/masgourdou.com\/","name":"Mas Gourdou","description":"","publisher":{"@id":"https:\/\/masgourdou.com\/#organization"},"potentialAction":[{"@type":"SearchAction","target":{"@type":"EntryPoint","urlTemplate":"https:\/\/masgourdou.com\/?s={search_term_string}"},"query-input":{"@type":"PropertyValueSpecification","valueRequired":true,"valueName":"search_term_string"}}],"inLanguage":"en-US"},{"@type":"Organization","@id":"https:\/\/masgourdou.com\/#organization","name":"Mas Gourdou","url":"https:\/\/masgourdou.com\/","logo":{"@type":"ImageObject","inLanguage":"en-US","@id":"https:\/\/masgourdou.com\/#\/schema\/logo\/image\/","url":"https:\/\/masgourdou.com\/wp-content\/uploads\/2024\/07\/cropped-logo_masgourdou_289x100.png","contentUrl":"https:\/\/masgourdou.com\/wp-content\/uploads\/2024\/07\/cropped-logo_masgourdou_289x100.png","width":289,"height":100,"caption":"Mas Gourdou"},"image":{"@id":"https:\/\/masgourdou.com\/#\/schema\/logo\/image\/"}}]}},"_links":{"self":[{"href":"https:\/\/masgourdou.com\/en\/wp-json\/wp\/v2\/product\/1059","targetHints":{"allow":["GET"]}}],"collection":[{"href":"https:\/\/masgourdou.com\/en\/wp-json\/wp\/v2\/product"}],"about":[{"href":"https:\/\/masgourdou.com\/en\/wp-json\/wp\/v2\/types\/product"}],"wp:featuredmedia":[{"embeddable":true,"href":"https:\/\/masgourdou.com\/en\/wp-json\/wp\/v2\/media\/3557"}],"wp:attachment":[{"href":"https:\/\/masgourdou.com\/en\/wp-json\/wp\/v2\/media?parent=1059"}],"wp:term":[{"taxonomy":"product_brand","embeddable":true,"href":"https:\/\/masgourdou.com\/en\/wp-json\/wp\/v2\/product_brand?post=1059"},{"taxonomy":"product_cat","embeddable":true,"href":"https:\/\/masgourdou.com\/en\/wp-json\/wp\/v2\/product_cat?post=1059"},{"taxonomy":"product_tag","embeddable":true,"href":"https:\/\/masgourdou.com\/en\/wp-json\/wp\/v2\/product_tag?post=1059"}],"curies":[{"name":"wp","href":"https:\/\/api.w.org\/{rel}","templated":true}]}}